{"id":750,"date":"2021-05-21T15:45:59","date_gmt":"2021-05-21T15:45:59","guid":{"rendered":"http:\/\/imcf.natur.cuni.cz\/IMCF\/?page_id=750"},"modified":"2021-05-24T08:14:18","modified_gmt":"2021-05-24T08:14:18","slug":"2021-imcf-user-meeting-new-instruments-launch","status":"publish","type":"page","link":"https:\/\/imcf.natur.cuni.cz\/IMCF\/2021-imcf-user-meeting-new-instruments-launch\/","title":{"rendered":"2021 IMCF User Meeting &#038; New Instruments Launch"},"content":{"rendered":"\n<h3 class=\"wp-block-heading\">June 16, 2021<\/h3>\n\n\n\n<p>The purpose of this event\u00a0is to present our new equipment \u2013 both theoretically and practically, introduce new staff members, discuss future investments\u00a0and\u00a0hear your feedback\u00a0so that we can keep improving the quality of our services.<\/p>\n\n\n\n<p>Please register for the lectures and demos <a rel=\"noreferrer noopener\" href=\"https:\/\/forms.gle\/1AVHdWQqWhdaBLQ89\" target=\"_blank\">here<\/a>. <br>We encourage all IMCF users to spend a few moments to fill in a brief <a href=\"https:\/\/forms.gle\/69RbmrD5bUmVr1Xb6\">user feedback form<\/a>.<\/p>\n\n\n\n<h2 class=\"wp-block-heading\">Program<\/h2>\n\n\n\n<p>BIOCEV, Conference hall U2.012 &amp; on-line via ZOOM<\/p>\n\n\n\n<table id=\"tablepress-14\" class=\"tablepress tablepress-id-14\">\n<tbody class=\"row-hover\">\n<tr class=\"row-1\">\n\t<td class=\"column-1\">9:00 - 9:30<\/td><td class=\"column-2\">IMCF news and future plans  (Ale\u0161  Benda, IMCF)<\/td>\n<\/tr>\n<tr class=\"row-2\">\n\t<td class=\"column-1\"> 9:30 - 10:00<\/td><td class=\"column-2\">TEM news (Ji\u0159\u00ed Mik\u0161\u00e1tko, Adam Schr\u00f6fel, IMCF)<\/td>\n<\/tr>\n<tr class=\"row-3\">\n\t<td class=\"column-1\">10:00 - 10:20<\/td><td class=\"column-2\">Aurora - 5 laser spectral cytometer brings a new level of performance and flexibility (Riccardo Pasculli, FAS, accela s.r.o)<\/td>\n<\/tr>\n<tr class=\"row-4\">\n\t<td class=\"column-1\">10:20 - 10:40<\/td><td class=\"column-2\">Discussion and coffee break<\/td>\n<\/tr>\n<tr class=\"row-5\">\n\t<td class=\"column-1\">10:40 - 11:10 <\/td><td class=\"column-2\"> At the forefront of high-end spinning disk confocal imaging with Nikon-Yokogawa (Herman Fennema, Nikon)<\/td>\n<\/tr>\n<tr class=\"row-6\">\n\t<td class=\"column-1\">11:10 - 11:40<\/td><td class=\"column-2\">Typical applications of 3D holotomography label-free live cell imaging with Nanolive (Nathalie Garin, Nanolive SA)<\/td>\n<\/tr>\n<\/tbody>\n<\/table>\n<!-- #tablepress-14 from cache -->\n\n\n\n<h2 class=\"wp-block-heading\">Instrument demonstration<\/h2>\n\n\n\n<table id=\"tablepress-16\" class=\"tablepress tablepress-id-16 tbody-has-connected-cells\">\n<tbody>\n<tr class=\"row-1\">\n\t<td colspan=\"3\" class=\"column-1\"><b>Time slots for on-site demonstrations<\/b><\/td>\n<\/tr>\n<tr class=\"row-2\">\n\t<td class=\"column-1\">13:00 - 14:00<\/td><td class=\"column-2\">14:10 - 15:10<\/td><td class=\"column-3\">15:20 - 16:20<\/td>\n<\/tr>\n<\/tbody>\n<\/table>\n<!-- #tablepress-16 from cache -->\n\n\n\n<table id=\"tablepress-17\" class=\"tablepress tablepress-id-17 tbody-has-connected-cells\">\n<tbody>\n<tr class=\"row-1\">\n\t<td colspan=\"2\" class=\"column-1\"><b>Demonstration sites<\/b><\/td>\n<\/tr>\n<tr class=\"row-2\">\n\t<td class=\"column-1\">Nikon CSU-W1 spinning disk<\/td><td class=\"column-2\">Introduction of our top-notch optical microscope, richly configured to allow large variety of applications. Particularly suitable for fast 3D live cell fluorescence imaging.<br \/>\n<a href=\"http:\/\/imcf.natur.cuni.cz\/IMCF\/wp-content\/uploads\/2021\/04\/Nikon%20CSU-W1.pdf\">Microscope specifications<\/a><br \/>\nRoom L1.018<\/td>\n<\/tr>\n<tr class=\"row-3\">\n\t<td class=\"column-1\">(Cryo-)TEM<\/td><td class=\"column-2\">Practical demonstration of versatility: JEM-2100Plus as a universal tool for advanced sample analysis in cryo and ambient conditions.<br \/>\n<a href=\"http:\/\/imcf.natur.cuni.cz\/IMCF\/wp-content\/uploads\/2021\/04\/JEM_2100_specifications.pdf\">Microscope specifications<\/a><br \/>\nRoom M1.019<\/td>\n<\/tr>\n<tr class=\"row-4\">\n\t<td class=\"column-1\">Aurora spectral cytometer<\/td><td class=\"column-2\">Introduction to spectral cytometry, advantages and possible applications of spectral analysis in flow cytometry, practical comparison of standard flow cytometer and spectral cytometer performance. <br \/>\nRoom L1.010<\/td>\n<\/tr>\n<tr class=\"row-5\">\n\t<td class=\"column-1\">Nanolive CX-A<\/td><td class=\"column-2\">Automated 3D label-free live cell imaging compatible with 96-well plates and 35mm dishes. We will demonstrate a step-by-step setting-up of an experiment.<br \/>\n<a href=\"http:\/\/imcf.natur.cuni.cz\/IMCF\/wp-content\/uploads\/2021\/04\/Nanolive_CXA.pdf\">Microscope specifications<\/a><br \/>\nRoom L1.009<\/td>\n<\/tr>\n<\/tbody>\n<\/table>\n<!-- #tablepress-17 from cache -->\n","protected":false},"excerpt":{"rendered":"<p>June 16, 2021 The purpose of this event\u00a0is to present our new equipment \u2013 both theoretically and practically, introduce new staff members, discuss future investments\u00a0and\u00a0hear your feedback\u00a0so that we can keep improving the quality of our services. Please register for &hellip; <a href=\"https:\/\/imcf.natur.cuni.cz\/IMCF\/2021-imcf-user-meeting-new-instruments-launch\/\">Continue reading <span class=\"meta-nav\">&rarr;<\/span><\/a><\/p>\n","protected":false},"author":1,"featured_media":0,"parent":0,"menu_order":0,"comment_status":"closed","ping_status":"closed","template":"","meta":{"ngg_post_thumbnail":0,"footnotes":""},"class_list":["post-750","page","type-page","status-publish","hentry"],"featured_image_src":null,"_links":{"self":[{"href":"https:\/\/imcf.natur.cuni.cz\/IMCF\/wp-json\/wp\/v2\/pages\/750","targetHints":{"allow":["GET"]}}],"collection":[{"href":"https:\/\/imcf.natur.cuni.cz\/IMCF\/wp-json\/wp\/v2\/pages"}],"about":[{"href":"https:\/\/imcf.natur.cuni.cz\/IMCF\/wp-json\/wp\/v2\/types\/page"}],"author":[{"embeddable":true,"href":"https:\/\/imcf.natur.cuni.cz\/IMCF\/wp-json\/wp\/v2\/users\/1"}],"replies":[{"embeddable":true,"href":"https:\/\/imcf.natur.cuni.cz\/IMCF\/wp-json\/wp\/v2\/comments?post=750"}],"version-history":[{"count":20,"href":"https:\/\/imcf.natur.cuni.cz\/IMCF\/wp-json\/wp\/v2\/pages\/750\/revisions"}],"predecessor-version":[{"id":802,"href":"https:\/\/imcf.natur.cuni.cz\/IMCF\/wp-json\/wp\/v2\/pages\/750\/revisions\/802"}],"wp:attachment":[{"href":"https:\/\/imcf.natur.cuni.cz\/IMCF\/wp-json\/wp\/v2\/media?parent=750"}],"curies":[{"name":"wp","href":"https:\/\/api.w.org\/{rel}","templated":true}]}}