{"id":2119,"date":"2023-06-08T12:04:54","date_gmt":"2023-06-08T12:04:54","guid":{"rendered":"https:\/\/imcf.natur.cuni.cz\/IMCF\/?page_id=2119"},"modified":"2025-06-20T11:02:05","modified_gmt":"2025-06-20T11:02:05","slug":"picture-of-the-year","status":"publish","type":"page","link":"https:\/\/imcf.natur.cuni.cz\/IMCF\/picture-of-the-year\/","title":{"rendered":"Picture of the Year"},"content":{"rendered":"\n<p>Voting has ended. Thank you for participating!<\/p>\n\n\n\n<p>Please help us choose the most appealing piece of art from the twelve Picture of the Month winners! Your votes will decide which top 3 pictures will be awarded the Gold, Silver, and Bronze awards.<\/p>\n\n\n\n<p>Candidate images can be browsed in gallery below or in higher resolution <a href=\"https:\/\/omero.natur.biocev.org\/webclient\/?show=dataset-1751\" target=\"_blank\" rel=\"noreferrer noopener\">here<\/a>.<\/p>\n\n\n\n<p>Awards for 3 top ranked pictures will be announced during barbecue get-together <strong>Photons, Electrons and Sausages<\/strong> organized by Euro-Bioimaging Prague Node on <strong>24.6. 2025<\/strong> &#8211; registration required&nbsp;(<a href=\"https:\/\/forms.office.com\/e\/EjCNd6fFeF\" target=\"_blank\" rel=\"noreferrer noopener\">event link<\/a>).<\/p>\n\n\n\n<p>Picture of the Year award is kindly sponsored by Nikon. Microscopy facilities within Prague Euro-BioImaging Node&nbsp;are supported by the National Infrastructure for Biological and Medical Imaging (<a href=\"http:\/\/www.czech-bioimaging.cz\/\">Czech-BioImaging<\/a>).<\/p>\n\n\n<div class=\"wp-block-image\">\n<figure class=\"alignright size-full is-resized\"><img loading=\"lazy\" decoding=\"async\" width=\"613\" height=\"121\" src=\"http:\/\/imcf.natur.cuni.cz\/IMCF\/wp-content\/uploads\/2020\/06\/EUBI-logo-1.png\" alt=\"\" class=\"wp-image-54\" style=\"width:218px;height:auto\" srcset=\"https:\/\/imcf.natur.cuni.cz\/IMCF\/wp-content\/uploads\/2020\/06\/EUBI-logo-1.png 613w, https:\/\/imcf.natur.cuni.cz\/IMCF\/wp-content\/uploads\/2020\/06\/EUBI-logo-1-300x59.png 300w\" sizes=\"auto, (max-width: 613px) 100vw, 613px\" \/><\/figure>\n<\/div>\n\n<div class=\"wp-block-image\">\n<figure class=\"alignright size-medium is-resized\"><img loading=\"lazy\" decoding=\"async\" width=\"300\" height=\"165\" src=\"https:\/\/imcf.natur.cuni.cz\/IMCF\/wp-content\/uploads\/2020\/06\/CzBI-logo-2-300x165.png\" alt=\"\" class=\"wp-image-53\" style=\"width:80px;height:auto\" srcset=\"https:\/\/imcf.natur.cuni.cz\/IMCF\/wp-content\/uploads\/2020\/06\/CzBI-logo-2-300x165.png 300w, https:\/\/imcf.natur.cuni.cz\/IMCF\/wp-content\/uploads\/2020\/06\/CzBI-logo-2.png 423w\" sizes=\"auto, (max-width: 300px) 100vw, 300px\" \/><\/figure>\n<\/div>\n\n<div class=\"wp-block-image\">\n<figure class=\"alignright size-medium is-resized\"><img loading=\"lazy\" decoding=\"async\" width=\"300\" height=\"300\" src=\"https:\/\/imcf.natur.cuni.cz\/IMCF\/wp-content\/uploads\/2023\/06\/Nikon_Logo-300x300.png\" alt=\"\" class=\"wp-image-2140\" style=\"width:45px;height:auto\" srcset=\"https:\/\/imcf.natur.cuni.cz\/IMCF\/wp-content\/uploads\/2023\/06\/Nikon_Logo-300x300.png 300w, https:\/\/imcf.natur.cuni.cz\/IMCF\/wp-content\/uploads\/2023\/06\/Nikon_Logo-1024x1024.png 1024w, https:\/\/imcf.natur.cuni.cz\/IMCF\/wp-content\/uploads\/2023\/06\/Nikon_Logo-150x150.png 150w, https:\/\/imcf.natur.cuni.cz\/IMCF\/wp-content\/uploads\/2023\/06\/Nikon_Logo-768x768.png 768w, https:\/\/imcf.natur.cuni.cz\/IMCF\/wp-content\/uploads\/2023\/06\/Nikon_Logo-1536x1536.png 1536w, https:\/\/imcf.natur.cuni.cz\/IMCF\/wp-content\/uploads\/2023\/06\/Nikon_Logo.png 2048w\" sizes=\"auto, (max-width: 300px) 100vw, 300px\" \/><\/figure>\n<\/div>\n\n\n<div style=\"height:14px\" aria-hidden=\"true\" class=\"wp-block-spacer\"><\/div>\n\n\n<div id=\"grid-gallery-7-87499\" data-gg-id=\"7\" data-title=\"poty2025_temp\" data-grid-type=\"2\" data-offset=\"1.3\" data-area-position=\"center\" data-icons=\"\" data-preloader=\"true\" data-width=\"auto\" data-height=\"200\" data-padding=\"0\" data-quicksand=\"disabled\" data-quicksand-duration=\"none\" data-popup-theme=\"theme_3\" data-popup-type=\"colorbox\" data-popup-fadeOut=\"300\" data-popup-image-text=\"data-description\" data-popup-widthsize=\"auto\" data-popup-heightsize=\"auto\" data-popup-i18n-words=\"{&quot;close&quot;:&quot;close&quot;,&quot;next&quot;:&quot;next&quot;,&quot;previous&quot;:&quot;previous&quot;,&quot;start_slideshow&quot;:&quot;start slideshow&quot;,&quot;stop_slideshow&quot;:&quot;stop slideshow&quot;,&quot;image&quot;:&quot;image&quot;,&quot;of&quot;:&quot;of&quot;,&quot;prev&quot;:&quot;prev&quot;,&quot;cExpand&quot;:&quot;Expand&quot;,&quot;cPrevious&quot;:&quot;Previous&quot;,&quot;cNext&quot;:&quot;Next&quot;,&quot;cExpandStr&quot;:&quot;Expand the image&quot;,&quot;cRotate&quot;:&quot;Rotate&quot;,&quot;cDetails&quot;:&quot;Details&quot;}\" data-popup-slideshow=\"true\" data-popup-slideshow-speed=\"2500\" data-popup-hoverstop=\"true\" data-popup-slideshow-auto=\"false\" data-popup-background=\"\" data-popup-transparency=\"30\" data-popup-disable-history=\"\" data-popup-disable-changed-url=\"\" data-popup-border-type=\"solid\" data-popup-border-color=\"\" data-popup-border-width=\"\" data-popup-border-enable=\"on\" data-fullscreen=\"false\" data-hide-tooltip=\"false\" data-caption-font-family=\"Default\" data-caption-text-size=\"140\" data-is-mobile=\"0\" data-caption-mobile=\"false\" data-hide-long-tltp-title=\"0\" data-caption-disabled-on-mobile=\"false\" data-horizontal-scroll=\"{&quot;enabled&quot;:&quot;true&quot;,&quot;color&quot;:&quot;&quot;,&quot;transparency&quot;:&quot;60&quot;,&quot;mouseWheelStep&quot;:&quot;20&quot;,&quot;touchStep&quot;:&quot;200&quot;,&quot;responsiveMode&quot;:&quot;0&quot;}\" data-popup-placement-type=\"1\" data-social-sharing=\"{&quot;enabled&quot;:null,&quot;gallerySharing&quot;:{&quot;enabled&quot;:null,&quot;position&quot;:null},&quot;imageSharing&quot;:{&quot;enabled&quot;:null,&quot;wrapperClass&quot;:&quot; vertical &quot;},&quot;popupSharing&quot;:{&quot;enabled&quot;:null,&quot;wrapperClass&quot;:&quot; vertical &quot;}}\" class=\"grid-gallery grid-gallery-fixed \" style=\" width:100%; height:auto; margin-left:auto; margin-right:auto;position:relative;\"> <div class=\"gallery-loading\"> <div class=\"blocks\"> <div class=\"block\"><\/div> <div class=\"block\"><\/div> <div class=\"block\"><\/div> <div class=\"block\"><\/div> <\/div> <\/div> <div class=\"gallery-sharing-top\" style=\"display:none;\"> <\/div> <div id=\"photos-7\" class=\"grid-gallery-photos\"><FIGURE class=\"grid-gallery-caption\" data-grid-gallery-type=\"center\" data-index=\"0\" style=\"display:none;border-radius:5%;; margin:0.65px; height:2000; width:auto;\" ><div class=\"crop\" style=\"\"><img decoding=\"async\" src=\"https:\/\/imcf.natur.cuni.cz\/IMCF\/wp-content\/uploads\/2024\/07\/TF1_cyathea2-scaled-266x200.jpg\" class=\"ggImg ggNotInitImg\" alt=\"June 2024\" title=\"Tom\u00e1\u0161 Figura: Fake blood cell\" data-description=\"Tom\u00e1\u0161 Figura: Fake blood cell\" data-caption=\"Tom\u00e1\u0161 Figura: Fake blood cell; Very small, approximately 15 micrometer big spore of tree fern Cyathea will eventually slowly grows into big tree fern.\" data-title=\"potm_june_24\" style=\" height:200px; width:auto;\" \/><\/div><FIGCAPTION class=\"\" data-alpha=\"10\" style=\"color:#ffffff; background-color:#3498db; font-size:140; text-align:left; font-family:Default;\" ><div class=\"grid-gallery-figcaption-wrap\" style=\"\"><\/div><\/FIGCAPTION><\/FIGURE><FIGURE class=\"grid-gallery-caption\" data-grid-gallery-type=\"center\" data-index=\"1\" style=\"display:none;border-radius:5%;; margin:0.65px; height:2000; width:auto;\" ><div class=\"crop\" style=\"\"><img decoding=\"async\" src=\"https:\/\/imcf.natur.cuni.cz\/IMCF\/wp-content\/uploads\/2024\/07\/Keep_in_touch-398x200.png\" class=\"ggImg ggNotInitImg\" alt=\"July 2024\" title=\"Jarom\u00edr Nov\u00e1k: Keep in touch\" data-description=\"Jarom\u00edr Nov\u00e1k: Keep in touch\" data-caption=\"Jarom\u00edr Nov\u00e1k: Keep in touch; Two cancer (melanoma) cells are connected to each other by membrane protrusion, allowing for exchange of content of their cytoplasm including organelles (e.g. mitochondria). Fixed cells were labelled with Phalloidin (actin, green), Hoechst (DNA, cyan) and MitoTracker (mitochondria, magenta).\" data-title=\"potm_may01_24\" style=\" height:200px; width:auto;\" \/><\/div><FIGCAPTION class=\"\" data-alpha=\"10\" style=\"color:#ffffff; background-color:#3498db; font-size:140; text-align:left; font-family:Default;\" ><div class=\"grid-gallery-figcaption-wrap\" style=\"\"><\/div><\/FIGCAPTION><\/FIGURE><FIGURE class=\"grid-gallery-caption\" data-grid-gallery-type=\"center\" data-index=\"2\" style=\"display:none;border-radius:5%;; margin:0.65px; height:2000; width:auto;\" ><div class=\"crop\" style=\"\"><img decoding=\"async\" src=\"https:\/\/imcf.natur.cuni.cz\/IMCF\/wp-content\/uploads\/2024\/08\/Cochlea-for-Picture-of-the-month-reduced.gif\" class=\"ggImg ggNotInitImg\" alt=\"August 2024\" title=\"Lenka Gmiterkov\u00e1: Cochlea\" data-description=\"Lenka Gmiterkov\u00e1: Cochlea\" data-caption=\"Lenka Gmiterkov\u00e1: Cochlea; Fluorescently labelled sample of cochlea, with neuronal bodies in magenta, neuronal fibers in cyan and receptor cells in grey.\" data-title=\"Cochlea for Picture of the month-reduced\" style=\" height:200px; width:auto;\" \/><\/div><FIGCAPTION class=\"\" data-alpha=\"10\" style=\"color:#ffffff; background-color:#3498db; font-size:140; text-align:left; font-family:Default;\" ><div class=\"grid-gallery-figcaption-wrap\" style=\"\"><\/div><\/FIGCAPTION><\/FIGURE><FIGURE class=\"grid-gallery-caption\" data-grid-gallery-type=\"center\" data-index=\"3\" style=\"display:none;border-radius:5%;; margin:0.65px; height:2000; width:auto;\" ><div class=\"crop\" style=\"\"><img decoding=\"async\" src=\"https:\/\/imcf.natur.cuni.cz\/IMCF\/wp-content\/uploads\/2024\/08\/SKA1_merged_forphotoofmonth2_20240731_cs1_channel4__F1271-h__Mt-ThT100xincbtgth24h2ul_60Xobj_irm-405nm-561-640_shot2_2-200x200.png\" class=\"ggImg ggNotInitImg\" alt=\"September 2024\" title=\"Seljan Khatun Abdullazade: Shai-hulud of Microtubule planet (Dune sandworm)\" data-description=\"Seljan Khatun Abdullazade: Shai-hulud of Microtubule planet (Dune sandworm)\" data-caption=\"Seljan Khatun Abdullazade: Shai-hulud of Microtubule planet (Dune sandworm); A structure formed upon interaction between tubulin, tau protein and probe Thioflavin T\" data-title=\"potm_july01_24\" style=\" height:200px; width:auto;\" \/><\/div><FIGCAPTION class=\"\" data-alpha=\"10\" style=\"color:#ffffff; background-color:#3498db; font-size:140; text-align:left; font-family:Default;\" ><div class=\"grid-gallery-figcaption-wrap\" style=\"\"><\/div><\/FIGCAPTION><\/FIGURE><FIGURE class=\"grid-gallery-caption\" data-grid-gallery-type=\"center\" data-index=\"4\" style=\"display:none;border-radius:5%;; margin:0.65px; height:2000; width:auto;\" ><div class=\"crop\" style=\"\"><img decoding=\"async\" src=\"https:\/\/imcf.natur.cuni.cz\/IMCF\/wp-content\/uploads\/2024\/10\/verb_thapsus-copy-scaled-267x200.jpg\" class=\"ggImg ggNotInitImg\" alt=\"October 2024\" title=\"Tom\u00e1\u0161 Figura: Octopus in the sea of coffee\" data-description=\"Tom\u00e1\u0161 Figura: Octopus in the sea of coffee\" data-caption=\"Tom\u00e1\u0161 Figura: Octopus in the sea of coffee; Long and stellate trichomes of Verbascum thapus may form various, sometimes abstract shapes, here resembling an octopus (orange) floating in its pollen, which looks like coffee beans (blue).\" data-title=\"Octopus in the sea of coffee\" style=\" height:200px; width:auto;\" \/><\/div><FIGCAPTION class=\"\" data-alpha=\"10\" style=\"color:#ffffff; background-color:#3498db; font-size:140; text-align:left; font-family:Default;\" ><div class=\"grid-gallery-figcaption-wrap\" style=\"\"><\/div><\/FIGCAPTION><\/FIGURE><FIGURE class=\"grid-gallery-caption\" data-grid-gallery-type=\"center\" data-index=\"5\" style=\"display:none;border-radius:5%;; margin:0.65px; height:2000; width:auto;\" ><div class=\"crop\" style=\"\"><img decoding=\"async\" src=\"https:\/\/imcf.natur.cuni.cz\/IMCF\/wp-content\/uploads\/2024\/11\/malvadwarf-copy-scaled-240x200.jpg\" class=\"ggImg ggNotInitImg\" alt=\"November 2024\" title=\"Tom\u00e1\u0161 Figura: Malvadwarf\" data-description=\"Tom\u00e1\u0161 Figura: Malvadwarf\" data-caption=\"Tom\u00e1\u0161 Figura: Malvadwarf; Colorized developed (lower) and undeveloped (upper) pollen of Malva sylvestris forming \u201cdwarf\u201d.\" data-title=\"Malvadwarf\" style=\" height:200px; width:auto;\" \/><\/div><FIGCAPTION class=\"\" data-alpha=\"10\" style=\"color:#ffffff; background-color:#3498db; font-size:140; text-align:left; font-family:Default;\" ><div class=\"grid-gallery-figcaption-wrap\" style=\"\"><\/div><\/FIGCAPTION><\/FIGURE><FIGURE class=\"grid-gallery-caption\" data-grid-gallery-type=\"center\" data-index=\"6\" style=\"display:none;border-radius:5%;; margin:0.65px; height:2000; width:auto;\" ><div class=\"crop\" style=\"\"><img decoding=\"async\" src=\"https:\/\/imcf.natur.cuni.cz\/IMCF\/wp-content\/uploads\/2025\/01\/verbascum-copy-scaled-284x200.jpg\" class=\"ggImg ggNotInitImg\" alt=\"December 2024\" title=\"Tom\u00e1\u0161 Figura: Christmas tree\" data-description=\"Tom\u00e1\u0161 Figura: Christmas tree\" data-caption=\"Tom\u00e1\u0161 Figura: Christmas tree; Colorized scanning electron micrograph of branched hairs (colored green) of Verbascum with its pollen (colored orange).\" data-title=\"Christmas tree\" style=\" height:200px; width:auto;\" \/><\/div><FIGCAPTION class=\"\" data-alpha=\"10\" style=\"color:#ffffff; background-color:#3498db; font-size:140; text-align:left; font-family:Default;\" ><div class=\"grid-gallery-figcaption-wrap\" style=\"\"><\/div><\/FIGCAPTION><\/FIGURE><FIGURE class=\"grid-gallery-caption\" data-grid-gallery-type=\"center\" data-index=\"7\" style=\"display:none;border-radius:5%;; margin:0.65px; height:2000; width:auto;\" ><div class=\"crop\" style=\"\"><img decoding=\"async\" src=\"https:\/\/imcf.natur.cuni.cz\/IMCF\/wp-content\/uploads\/2025\/01\/Microcosmos-200x200.jpg\" class=\"ggImg ggNotInitImg\" alt=\"January 2025\" title=\"Denisa Ondr\u00fa\u0161kov\u00e1: Microcosmos\" data-description=\"Denisa Ondr\u00fa\u0161kov\u00e1: Microcosmos\" data-caption=\"Denisa Ondr\u00fa\u0161kov\u00e1: Microcosmos; Microtubule bundles in TIRF microscope\" data-title=\"Microcosmos\" style=\" height:200px; width:auto;\" \/><\/div><FIGCAPTION class=\"\" data-alpha=\"10\" style=\"color:#ffffff; background-color:#3498db; font-size:140; text-align:left; font-family:Default;\" ><div class=\"grid-gallery-figcaption-wrap\" style=\"\"><\/div><\/FIGCAPTION><\/FIGURE><FIGURE class=\"grid-gallery-caption\" data-grid-gallery-type=\"center\" data-index=\"8\" style=\"display:none;border-radius:5%;; margin:0.65px; height:2000; width:auto;\" ><div class=\"crop\" style=\"\"><img decoding=\"async\" src=\"https:\/\/imcf.natur.cuni.cz\/IMCF\/wp-content\/uploads\/2025\/03\/250218_final-submission_2-200x200.png\" class=\"ggImg ggNotInitImg\" alt=\"February 2025\" title=\"Srikant Ojha: A microscopic cage\" data-description=\"Srikant Ojha: A microscopic cage\" data-caption=\"Srikant Ojha: A microscopic cage; The image has 2 channels: black, phalloidin (actin) and color, alpha smooth muscle actin. The structure shows an architectural masterpiece of actin-bundle caging the nucleus in activated primary hepatic stellate cells isolated from mice.\" data-title=\"potm02_feb2025\" style=\" height:200px; width:auto;\" \/><\/div><FIGCAPTION class=\"\" data-alpha=\"10\" style=\"color:#ffffff; background-color:#3498db; font-size:140; text-align:left; font-family:Default;\" ><div class=\"grid-gallery-figcaption-wrap\" style=\"\"><\/div><\/FIGCAPTION><\/FIGURE><FIGURE class=\"grid-gallery-caption\" data-grid-gallery-type=\"center\" data-index=\"9\" style=\"display:none;border-radius:5%;; margin:0.65px; height:2000; width:auto;\" ><div class=\"crop\" style=\"\"><img decoding=\"async\" src=\"https:\/\/imcf.natur.cuni.cz\/IMCF\/wp-content\/uploads\/2025\/02\/diph_color-scaled-160x200.jpg\" class=\"ggImg ggNotInitImg\" alt=\"March 2025\" title=\"Tom\u00e1\u0161 Figura: The heart of Diphasiastrum\" data-description=\"Tom\u00e1\u0161 Figura: The heart of Diphasiastrum\" data-caption=\"Tom\u00e1\u0161 Figura: The heart of Diphasiastrum; Valentine picture by Lycopodiopsida. Spore of lycophyte - Diphasiastrum alpinum colored red.\" data-title=\"potm01_feb2025\" style=\" height:200px; width:auto;\" \/><\/div><FIGCAPTION class=\"\" data-alpha=\"10\" style=\"color:#ffffff; background-color:#3498db; font-size:140; text-align:left; font-family:Default;\" ><div class=\"grid-gallery-figcaption-wrap\" style=\"\"><\/div><\/FIGCAPTION><\/FIGURE><FIGURE class=\"grid-gallery-caption\" data-grid-gallery-type=\"center\" data-index=\"10\" style=\"display:none;border-radius:5%;; margin:0.65px; height:2000; width:auto;\" ><div class=\"crop\" style=\"\"><img decoding=\"async\" src=\"https:\/\/imcf.natur.cuni.cz\/IMCF\/wp-content\/uploads\/2025\/05\/6_0100-copy-scaled-259x200.jpg\" class=\"ggImg ggNotInitImg\" alt=\"April 2025\" title=\"Tom\u00e1\u0161 Figura: Bettulfly\" data-description=\"Tom\u00e1\u0161 Figura: Bettulfly\" data-caption=\"Tom\u00e1\u0161 Figura: Bettulfly; This fairy-tale butterfly is actually seed of Betula pendula. Colorised SEM photography where blue are wings, red is embryo and pink is what left from stigma.\" data-title=\"Bettulfly\" style=\" height:200px; width:auto;\" \/><\/div><FIGCAPTION class=\"\" data-alpha=\"10\" style=\"color:#ffffff; background-color:#3498db; font-size:140; text-align:left; font-family:Default;\" ><div class=\"grid-gallery-figcaption-wrap\" style=\"\"><\/div><\/FIGCAPTION><\/FIGURE><FIGURE class=\"grid-gallery-caption\" data-grid-gallery-type=\"center\" data-index=\"11\" style=\"display:none;border-radius:5%;; margin:0.65px; height:2000; width:auto;\" ><div class=\"crop\" style=\"\"><img decoding=\"async\" src=\"https:\/\/imcf.natur.cuni.cz\/IMCF\/wp-content\/uploads\/2025\/06\/Mitotic-chaos-178x200.png\" class=\"ggImg ggNotInitImg\" alt=\"May 2025\" title=\"Ane\u017eka Konupkov\u00e1: Microtubular Chaos: Mitotic Spindle Formation Between Euglena gracilis Chloroplasts\" data-description=\"Ane\u017eka Konupkov\u00e1: Microtubular Chaos: Mitotic Spindle Formation Between Euglena gracilis Chloroplasts\" data-caption=\"Ane\u017eka Konupkov\u00e1: Microtubular Chaos: Mitotic Spindle Formation Between Euglena gracilis Chloroplasts; An antibody against alpha-tubulin, which typically stains the pellicle, flagella, and flagellar pocket in Euglena gracilis, reveals the mitotic spindle and duplication of its two flagella (white). Chloroplasts inside the cell are visualized using an anti-Rubisco activase antibody (violet), with the main localization in the pyrenoids (yellow) within the organelle.\" data-title=\"Mitotic chaos\" style=\" height:200px; width:auto;\" \/><\/div><FIGCAPTION class=\"\" data-alpha=\"10\" style=\"color:#ffffff; background-color:#3498db; font-size:140; text-align:left; font-family:Default;\" ><div class=\"grid-gallery-figcaption-wrap\" style=\"\"><\/div><\/FIGCAPTION><\/FIGURE> <div class=\"grid-gallery-clearfix\"><\/div> <\/div> <div class=\"gallery-sharing-bottom\" style=\"display:none;\"> <\/div> <div class=\"gallery-sharing-image\" style=\"display:none;\"> <\/div> <div class=\"gallery-sharing-popup\" style=\"display:none;\"> <\/div> <div class=\"grid-gallery-clearfix\"><\/div> <\/div> <!-- Gallery by Supsystic plugin1.15.33 --><a title=\"Gallery Wordpress\" style=\"display:none;\" href=\"https:\/\/supsystic.com\/plugins\/photo-gallery\/?utm_medium=love_link\" target=\"_blank\">Gallery Wordpress<\/a>\n\n\n","protected":false},"excerpt":{"rendered":"<p>Voting has ended. Thank you for participating! Please help us choose the most appealing piece of art from the twelve Picture of the Month winners! Your votes will decide which top 3 pictures will be awarded the Gold, Silver, and &hellip; <a href=\"https:\/\/imcf.natur.cuni.cz\/IMCF\/picture-of-the-year\/\">Continue reading <span class=\"meta-nav\">&rarr;<\/span><\/a><\/p>\n","protected":false},"author":3,"featured_media":0,"parent":0,"menu_order":0,"comment_status":"closed","ping_status":"closed","template":"","meta":{"ngg_post_thumbnail":0,"footnotes":""},"class_list":["post-2119","page","type-page","status-publish","hentry"],"featured_image_src":null,"_links":{"self":[{"href":"https:\/\/imcf.natur.cuni.cz\/IMCF\/wp-json\/wp\/v2\/pages\/2119","targetHints":{"allow":["GET"]}}],"collection":[{"href":"https:\/\/imcf.natur.cuni.cz\/IMCF\/wp-json\/wp\/v2\/pages"}],"about":[{"href":"https:\/\/imcf.natur.cuni.cz\/IMCF\/wp-json\/wp\/v2\/types\/page"}],"author":[{"embeddable":true,"href":"https:\/\/imcf.natur.cuni.cz\/IMCF\/wp-json\/wp\/v2\/users\/3"}],"replies":[{"embeddable":true,"href":"https:\/\/imcf.natur.cuni.cz\/IMCF\/wp-json\/wp\/v2\/comments?post=2119"}],"version-history":[{"count":30,"href":"https:\/\/imcf.natur.cuni.cz\/IMCF\/wp-json\/wp\/v2\/pages\/2119\/revisions"}],"predecessor-version":[{"id":2907,"href":"https:\/\/imcf.natur.cuni.cz\/IMCF\/wp-json\/wp\/v2\/pages\/2119\/revisions\/2907"}],"wp:attachment":[{"href":"https:\/\/imcf.natur.cuni.cz\/IMCF\/wp-json\/wp\/v2\/media?parent=2119"}],"curies":[{"name":"wp","href":"https:\/\/api.w.org\/{rel}","templated":true}]}}